{"id":542,"date":"2018-11-27T09:17:42","date_gmt":"2018-11-27T09:17:42","guid":{"rendered":"https:\/\/tarponlandlodge.com\/projects\/"},"modified":"2023-10-03T22:58:24","modified_gmt":"2023-10-04T04:58:24","slug":"alojamiento","status":"publish","type":"page","link":"https:\/\/tarponlandlodge.com\/es\/alojamiento\/","title":{"rendered":"Alojamiento"},"content":{"rendered":"\t\t<div data-elementor-type=\"wp-post\" data-elementor-id=\"542\" class=\"elementor elementor-542\">\n\t\t\t\t\t\t<section class=\"elementor-section elementor-top-section elementor-element elementor-element-7ac9ca5 elementor-section-boxed elementor-section-height-default elementor-section-height-default\" data-id=\"7ac9ca5\" data-element_type=\"section\" data-settings=\"{&quot;background_background&quot;:&quot;classic&quot;}\">\n\t\t\t\t\t\t\t<div class=\"elementor-background-overlay\"><\/div>\n\t\t\t\t\t\t\t<div class=\"elementor-container elementor-column-gap-default\">\n\t\t\t\t\t<div class=\"elementor-column elementor-col-100 elementor-top-column elementor-element elementor-element-8ebd6cb\" data-id=\"8ebd6cb\" data-element_type=\"column\">\n\t\t\t<div class=\"elementor-widget-wrap elementor-element-populated\">\n\t\t\t\t\t\t\t<\/div>\n\t\t<\/div>\n\t\t\t\t\t<\/div>\n\t\t<\/section>\n\t\t\t\t<section class=\"elementor-section elementor-top-section elementor-element elementor-element-8262e30 elementor-section-content-middle elementor-section-boxed elementor-section-height-default elementor-section-height-default\" data-id=\"8262e30\" data-element_type=\"section\">\n\t\t\t\t\t\t\t<div class=\"elementor-background-overlay\"><\/div>\n\t\t\t\t\t\t\t<div class=\"elementor-container elementor-column-gap-no\">\n\t\t\t\t\t<div class=\"elementor-column elementor-col-100 elementor-top-column elementor-element elementor-element-da6ae65\" data-id=\"da6ae65\" data-element_type=\"column\">\n\t\t\t<div class=\"elementor-widget-wrap elementor-element-populated\">\n\t\t\t\t\t\t<div class=\"elementor-element elementor-element-b0fabca elementor-widget elementor-widget-image-box\" data-id=\"b0fabca\" data-element_type=\"widget\" data-widget_type=\"image-box.default\">\n\t\t\t\t<div class=\"elementor-widget-container\">\n\t\t\t\t\t<div class=\"elementor-image-box-wrapper\"><div class=\"elementor-image-box-content\"><h2 class=\"elementor-image-box-title\">\"Tu Hogar Lejos de Casa en Barra del Colorado\"<\/h2><p class=\"elementor-image-box-description\">\nEncuentra tu refugio en Tarpon Land Lodge, donde la belleza de la naturaleza se combina con el confort y la hospitalidad.<\/p><\/div><\/div>\t\t\t\t<\/div>\n\t\t\t\t<\/div>\n\t\t\t\t\t<\/div>\n\t\t<\/div>\n\t\t\t\t\t<\/div>\n\t\t<\/section>\n\t\t\t\t<section class=\"elementor-section elementor-top-section elementor-element elementor-element-5c98253 elementor-section-boxed elementor-section-height-default elementor-section-height-default\" data-id=\"5c98253\" data-element_type=\"section\">\n\t\t\t\t\t\t<div class=\"elementor-container elementor-column-gap-default\">\n\t\t\t\t\t<div class=\"elementor-column elementor-col-50 elementor-top-column elementor-element elementor-element-42bb372\" data-id=\"42bb372\" data-element_type=\"column\">\n\t\t\t<div class=\"elementor-widget-wrap elementor-element-populated\">\n\t\t\t\t\t\t<div class=\"elementor-element elementor-element-f71267d elementor-widget elementor-widget-text-editor\" data-id=\"f71267d\" data-element_type=\"widget\" data-widget_type=\"text-editor.default\">\n\t\t\t\t<div class=\"elementor-widget-container\">\n\t\t\t\t\t\t\t\t\t<p><strong>Ubicaci\u00f3n en Barra del Colorado<\/strong><\/p><p>Tarpon Land Lodge est\u00e1 estrat\u00e9gicamente ubicado en la hermosa regi\u00f3n de Barra del Colorado, en la costa caribe\u00f1a de Costa Rica. Nuestra ubicaci\u00f3n ofrece una serie de ventajas que hacen que tu experiencia sea \u00fanica y conveniente:<\/p><p><strong>Acceso Directo al Aeropuerto:<\/strong><\/p><ul><li>Nuestro lodge cuenta con acceso directo al Aeropuerto de Barra del Colorado, lo que significa que puedes llegar a nosotros sin complicaciones ni largos trayectos despu\u00e9s de tu vuelo. Esto te ahorra tiempo y esfuerzo, permiti\u00e9ndote comenzar tu aventura de inmediato.<\/li><\/ul><p><strong>Muelle Privado:<\/strong><\/p><ul><li><p>Una de las ventajas m\u00e1s destacadas de nuestra ubicaci\u00f3n es que contamos con un muelle privado en nuestras instalaciones. Nuestro muelle te permite embarcar f\u00e1cilmente en nuestras emocionantes excursiones<\/p><\/li><\/ul>\t\t\t\t\t\t\t\t<\/div>\n\t\t\t\t<\/div>\n\t\t\t\t\t<\/div>\n\t\t<\/div>\n\t\t\t\t<div class=\"elementor-column elementor-col-50 elementor-top-column elementor-element elementor-element-eb0bbe8\" data-id=\"eb0bbe8\" data-element_type=\"column\">\n\t\t\t<div class=\"elementor-widget-wrap elementor-element-populated\">\n\t\t\t\t\t\t<div class=\"elementor-element elementor-element-c3bb6db elementor-widget elementor-widget-image\" data-id=\"c3bb6db\" data-element_type=\"widget\" data-widget_type=\"image.default\">\n\t\t\t\t<div class=\"elementor-widget-container\">\n\t\t\t\t\t\t\t\t\t\t\t\t\t\t\t<img fetchpriority=\"high\" decoding=\"async\" width=\"1024\" height=\"683\" src=\"https:\/\/tarponlandlodge.com\/wp-content\/uploads\/2023\/09\/MG_4472-1024x683.jpg\" class=\"attachment-large size-large wp-image-687\" alt=\"\" srcset=\"https:\/\/tarponlandlodge.com\/wp-content\/uploads\/2023\/09\/MG_4472-1024x683.jpg 1024w, https:\/\/tarponlandlodge.com\/wp-content\/uploads\/2023\/09\/MG_4472-300x200.jpg 300w, https:\/\/tarponlandlodge.com\/wp-content\/uploads\/2023\/09\/MG_4472-768x512.jpg 768w, https:\/\/tarponlandlodge.com\/wp-content\/uploads\/2023\/09\/MG_4472-1536x1024.jpg 1536w, https:\/\/tarponlandlodge.com\/wp-content\/uploads\/2023\/09\/MG_4472-2048x1365.jpg 2048w\" sizes=\"(max-width: 1024px) 100vw, 1024px\" \/>\t\t\t\t\t\t\t\t\t\t\t\t\t\t\t<\/div>\n\t\t\t\t<\/div>\n\t\t\t\t<div class=\"elementor-element elementor-element-a838633 elementor-widget elementor-widget-text-editor\" data-id=\"a838633\" data-element_type=\"widget\" data-widget_type=\"text-editor.default\">\n\t\t\t\t<div class=\"elementor-widget-container\">\n\t\t\t\t\t\t\t\t\t<p><span style=\"color: #374151; font-family: S\u00f6hne, ui-sans-serif, system-ui, -apple-system, 'Segoe UI', Roboto, Ubuntu, Cantarell, 'Noto Sans', sans-serif, 'Helvetica Neue', Arial, 'Apple Color Emoji', 'Segoe UI Emoji', 'Segoe UI Symbol', 'Noto Color Emoji'; white-space-collapse: preserve; background-color: #f7f7f8;\">En Tarpon Land Lodge, nuestra ubicaci\u00f3n \u00fanica y las comodidades que ofrecemos, como el acceso directo al aeropuerto y el muelle privado, hacen que tu visita sea inolvidable y llena de oportunidades para explorar la belleza natural de Barra del Colorado. Ya sea que est\u00e9s interesado en la pesca deportiva, el ecoturismo o simplemente en relajarte en un entorno espectacular, nuestro lodge es el punto de partida perfecto.<\/span><\/p>\t\t\t\t\t\t\t\t<\/div>\n\t\t\t\t<\/div>\n\t\t\t\t\t<\/div>\n\t\t<\/div>\n\t\t\t\t\t<\/div>\n\t\t<\/section>\n\t\t\t\t<section class=\"elementor-section elementor-top-section elementor-element elementor-element-48b993b elementor-section-boxed elementor-section-height-default elementor-section-height-default\" data-id=\"48b993b\" data-element_type=\"section\">\n\t\t\t\t\t\t<div class=\"elementor-container elementor-column-gap-default\">\n\t\t\t\t\t<div class=\"elementor-column elementor-col-50 elementor-top-column elementor-element elementor-element-cdd5751\" data-id=\"cdd5751\" data-element_type=\"column\">\n\t\t\t<div class=\"elementor-widget-wrap elementor-element-populated\">\n\t\t\t\t\t\t<div class=\"elementor-element elementor-element-9684380 elementor-widget elementor-widget-heading\" data-id=\"9684380\" data-element_type=\"widget\" data-widget_type=\"heading.default\">\n\t\t\t\t<div class=\"elementor-widget-container\">\n\t\t\t\t\t<h2 class=\"elementor-heading-title elementor-size-default\">\"Tu Estancia de Ensue\u00f1o: Donde Comodidad y Aventura se Encuentran\"<\/h2>\t\t\t\t<\/div>\n\t\t\t\t<\/div>\n\t\t\t\t<div class=\"elementor-element elementor-element-091c8c4 elementor-widget elementor-widget-text-editor\" data-id=\"091c8c4\" data-element_type=\"widget\" data-widget_type=\"text-editor.default\">\n\t\t\t\t<div class=\"elementor-widget-container\">\n\t\t\t\t\t\t\t\t\t<p>\u00a1En Tarpon Land Lodge, tu comodidad y satisfacci\u00f3n son nuestra prioridad! Nuestro alojamiento te ofrece:<\/p><p>&#8211; <strong>Capacidad Espaciosa<\/strong>: Con espacio para hasta 24 personas, disfruta de la compa\u00f1\u00eda de amigos y familiares en un entorno acogedor.<\/p><p>&#8211; <strong>Amplias Habitaciones<\/strong>: Nuestras habitaciones, con un promedio de 36m\u00b2, te brindan espacio para relajarte y sentirte como en casa.<\/p><p>&#8211; <strong>Privacidad y Comodidad<\/strong>: Todas las habitaciones cuentan con ba\u00f1o privado y aire acondicionado para tu comodidad.<\/p><p>&#8211; <strong>Conectividad<\/strong>: Mantente conectado con WIFI disponible en todo el lodge.<\/p><p>&#8211; <strong>Servicio de Limpieza<\/strong>: Nuestro personal realiza una limpieza diaria en las habitaciones para que disfrutes de un espacio impecable.<\/p><p>&#8211; <strong>Ropa Siempre Fresca<\/strong>: Olv\u00eddate de las preocupaciones de lavander\u00eda gracias a nuestro servicio de lavander\u00eda.<\/p>\t\t\t\t\t\t\t\t<\/div>\n\t\t\t\t<\/div>\n\t\t\t\t\t<\/div>\n\t\t<\/div>\n\t\t\t\t<div class=\"elementor-column elementor-col-50 elementor-top-column elementor-element elementor-element-aa61283\" data-id=\"aa61283\" data-element_type=\"column\">\n\t\t\t<div class=\"elementor-widget-wrap elementor-element-populated\">\n\t\t\t\t\t\t<div class=\"elementor-element elementor-element-bb5b742 elementor-arrows-position-inside elementor-pagination-position-outside elementor-widget elementor-widget-image-carousel\" data-id=\"bb5b742\" data-element_type=\"widget\" data-settings=\"{&quot;navigation&quot;:&quot;both&quot;,&quot;autoplay&quot;:&quot;yes&quot;,&quot;pause_on_hover&quot;:&quot;yes&quot;,&quot;pause_on_interaction&quot;:&quot;yes&quot;,&quot;autoplay_speed&quot;:5000,&quot;infinite&quot;:&quot;yes&quot;,&quot;speed&quot;:500}\" data-widget_type=\"image-carousel.default\">\n\t\t\t\t<div class=\"elementor-widget-container\">\n\t\t\t\t\t\t\t<div class=\"elementor-image-carousel-wrapper swiper\" role=\"region\" aria-roledescription=\"carousel\" aria-label=\"Image Carousel\" dir=\"ltr\">\n\t\t\t<div class=\"elementor-image-carousel swiper-wrapper\" aria-live=\"off\">\n\t\t\t\t\t\t\t\t<div class=\"swiper-slide\" role=\"group\" aria-roledescription=\"slide\" aria-label=\"1 of 7\"><figure class=\"swiper-slide-inner\"><img decoding=\"async\" class=\"swiper-slide-image\" src=\"https:\/\/tarponlandlodge.com\/wp-content\/uploads\/elementor\/thumbs\/1024-x-1024-qcwbgesv1zoqxm52rfq1iw7eer0dndxbrq9e3g8hs0.jpg\" alt=\"1024 x 1024\" \/><\/figure><\/div><div class=\"swiper-slide\" role=\"group\" aria-roledescription=\"slide\" aria-label=\"2 of 7\"><figure class=\"swiper-slide-inner\"><img decoding=\"async\" class=\"swiper-slide-image\" src=\"https:\/\/tarponlandlodge.com\/wp-content\/uploads\/elementor\/thumbs\/90019579_846871499122923_6908036527146663936_n-1-qcwc1mzneaqv4lb1t41qc1d5d0dshb73osn59erf9c.jpg\" alt=\"90019579_846871499122923_6908036527146663936_n\" \/><\/figure><\/div><div class=\"swiper-slide\" role=\"group\" aria-roledescription=\"slide\" aria-label=\"3 of 7\"><figure class=\"swiper-slide-inner\"><img decoding=\"async\" class=\"swiper-slide-image\" src=\"https:\/\/tarponlandlodge.com\/wp-content\/uploads\/elementor\/thumbs\/MG_4472-scaled-qcrnhfiwbdtsuppsvlgyutu9xjsz1zu1pyh98a5ips.jpg\" alt=\"_MG_4472\" \/><\/figure><\/div><div class=\"swiper-slide\" role=\"group\" aria-roledescription=\"slide\" aria-label=\"4 of 7\"><figure class=\"swiper-slide-inner\"><img decoding=\"async\" class=\"swiper-slide-image\" src=\"https:\/\/tarponlandlodge.com\/wp-content\/uploads\/elementor\/thumbs\/20220805121020__MG_1480-qcuossddqp18xte35oc72r6wauxjm0xfg5yrzf5s00.jpg\" alt=\"20220805121020__MG_1480\" \/><\/figure><\/div><div class=\"swiper-slide\" role=\"group\" aria-roledescription=\"slide\" aria-label=\"5 of 7\"><figure class=\"swiper-slide-inner\"><img decoding=\"async\" class=\"swiper-slide-image\" src=\"https:\/\/tarponlandlodge.com\/wp-content\/uploads\/elementor\/thumbs\/IMG_0129-scaled-qcwc75blgcad6baymzs0g5bepb88lg2gs2alislcsg.jpg\" alt=\"IMG_0129\" \/><\/figure><\/div><div class=\"swiper-slide\" role=\"group\" aria-roledescription=\"slide\" aria-label=\"6 of 7\"><figure class=\"swiper-slide-inner\"><img decoding=\"async\" class=\"swiper-slide-image\" src=\"https:\/\/tarponlandlodge.com\/wp-content\/uploads\/elementor\/thumbs\/IMG_0287-scaled-qcwc7fntjioiq0vxym8wpkph8jt9y47ihhgxsu60w0.jpg\" alt=\"IMG_0287\" \/><\/figure><\/div><div class=\"swiper-slide\" role=\"group\" aria-roledescription=\"slide\" aria-label=\"7 of 7\"><figure class=\"swiper-slide-inner\"><img decoding=\"async\" class=\"swiper-slide-image\" src=\"https:\/\/tarponlandlodge.com\/wp-content\/uploads\/elementor\/thumbs\/IMG_0120-1-scaled-qcwc80c9pvgttg1wlv6p8fhmb0zcnghlwbtmcxbd34.jpg\" alt=\"IMG_0120\" \/><\/figure><\/div>\t\t\t<\/div>\n\t\t\t\t\t\t\t\t\t\t\t\t<div class=\"elementor-swiper-button elementor-swiper-button-prev\" role=\"button\" tabindex=\"0\">\n\t\t\t\t\t\t<i aria-hidden=\"true\" class=\"eicon-chevron-left\"><\/i>\t\t\t\t\t<\/div>\n\t\t\t\t\t<div class=\"elementor-swiper-button elementor-swiper-button-next\" role=\"button\" tabindex=\"0\">\n\t\t\t\t\t\t<i aria-hidden=\"true\" class=\"eicon-chevron-right\"><\/i>\t\t\t\t\t<\/div>\n\t\t\t\t\n\t\t\t\t\t\t\t\t\t<div class=\"swiper-pagination\"><\/div>\n\t\t\t\t\t\t\t\t\t<\/div>\n\t\t\t\t\t\t<\/div>\n\t\t\t\t<\/div>\n\t\t\t\t<div class=\"elementor-element elementor-element-1bc949e elementor-widget elementor-widget-text-editor\" data-id=\"1bc949e\" data-element_type=\"widget\" data-widget_type=\"text-editor.default\">\n\t\t\t\t<div class=\"elementor-widget-container\">\n\t\t\t\t\t\t\t\t\t<p>&#8211; <strong>Relajaci\u00f3n y Diversi\u00f3n<\/strong>: Refr\u00e9scate en nuestra piscina, disfruta de un relajante masaje o sum\u00e9rgete en la vida nocturna en nuestro bar abierto las 24 horas.<\/p><p>&#8211; <strong>Sabores Inolvidables<\/strong>: Nuestro men\u00fa ofrece opciones tradicionales y especiales para desayunos, almuerzos y cenas inolvidables.<\/p><p>&#8211; <strong>Espacios para Socializar<\/strong>: Re\u00fanete con otros hu\u00e9spedes en nuestro amplio comedor o en la c\u00f3moda terraza para un caf\u00e9 y conexi\u00f3n a internet.<\/p><p>&#8211; <strong>Accesibilidad<\/strong>:Ofrecemos acceso para sillas de ruedas para garantizar que todos nuestros hu\u00e9spedes se sientan bienvenidos.<\/p><p>&#8211; <strong>Conveniencia en el Muelle<\/strong>: Nuestro lodge cuenta con un muelle propio, a solo unos pasos de tu habitaci\u00f3n, para una f\u00e1cil partida a tus aventuras de pesca y ecoturismo.<\/p>\t\t\t\t\t\t\t\t<\/div>\n\t\t\t\t<\/div>\n\t\t\t\t\t<\/div>\n\t\t<\/div>\n\t\t\t\t\t<\/div>\n\t\t<\/section>\n\t\t\t\t<section class=\"elementor-section elementor-top-section elementor-element elementor-element-f0a0c11 elementor-section-boxed elementor-section-height-default elementor-section-height-default\" data-id=\"f0a0c11\" data-element_type=\"section\">\n\t\t\t\t\t\t<div class=\"elementor-container elementor-column-gap-default\">\n\t\t\t\t\t<div class=\"elementor-column elementor-col-100 elementor-top-column elementor-element elementor-element-688fb00\" data-id=\"688fb00\" data-element_type=\"column\">\n\t\t\t<div class=\"elementor-widget-wrap elementor-element-populated\">\n\t\t\t\t\t\t<div class=\"elementor-element elementor-element-e9a661a elementor-widget elementor-widget-text-editor\" data-id=\"e9a661a\" data-element_type=\"widget\" data-widget_type=\"text-editor.default\">\n\t\t\t\t<div class=\"elementor-widget-container\">\n\t\t\t\t\t\t\t\t\t<h3><strong>En Tarpon Land Lodge, tenemos todo lo que necesitas para una estad\u00eda inolvidable. \u00a1Esperamos darle la bienvenida y brindarte una experiencia excepcional en Barra del Colorado<\/strong><\/h3>\t\t\t\t\t\t\t\t<\/div>\n\t\t\t\t<\/div>\n\t\t\t\t\t<\/div>\n\t\t<\/div>\n\t\t\t\t\t<\/div>\n\t\t<\/section>\n\t\t\t\t<\/div>\n\t\t","protected":false},"excerpt":{"rendered":"<p>&#8220;Tu Hogar Lejos de Casa en Barra del Colorado&#8221; Encuentra tu refugio en Tarpon Land Lodge, donde la belleza de la naturaleza se combina con el confort y la hospitalidad. Ubicaci\u00f3n en Barra del Colorado Tarpon Land Lodge est\u00e1 estrat\u00e9gicamente ubicado en la hermosa regi\u00f3n de Barra del Colorado, en la costa caribe\u00f1a de Costa [&hellip;]<\/p>\n","protected":false},"author":1,"featured_media":0,"parent":0,"menu_order":0,"comment_status":"closed","ping_status":"closed","template":"","meta":{"site-sidebar-layout":"no-sidebar","site-content-layout":"page-builder","ast-site-content-layout":"default","site-content-style":"default","site-sidebar-style":"default","ast-global-header-display":"","ast-banner-title-visibility":"","ast-main-header-display":"","ast-hfb-above-header-display":"","ast-hfb-below-header-display":"","ast-hfb-mobile-header-display":"","site-post-title":"disabled","ast-breadcrumbs-content":"","ast-featured-img":"disabled","footer-sml-layout":"","theme-transparent-header-meta":"default","adv-header-id-meta":"","stick-header-meta":"","header-above-stick-meta":"","header-main-stick-meta":"","header-below-stick-meta":"","astra-migrate-meta-layouts":"default","ast-page-background-enabled":"default","ast-page-background-meta":{"desktop":{"background-color":"","background-image":"","background-repeat":"repeat","background-position":"center center","background-size":"auto","background-attachment":"scroll","background-type":"","background-media":"","overlay-type":"","overlay-color":"","overlay-opacity":"","overlay-gradient":""},"tablet":{"background-color":"","background-image":"","background-repeat":"repeat","background-position":"center center","background-size":"auto","background-attachment":"scroll","background-type":"","background-media":"","overlay-type":"","overlay-color":"","overlay-opacity":"","overlay-gradient":""},"mobile":{"background-color":"","background-image":"","background-repeat":"repeat","background-position":"center center","background-size":"auto","background-attachment":"scroll","background-type":"","background-media":"","overlay-type":"","overlay-color":"","overlay-opacity":"","overlay-gradient":""}},"ast-content-background-meta":{"desktop":{"background-color":"var(--ast-global-color-5)","background-image":"","background-repeat":"repeat","background-position":"center center","background-size":"auto","background-attachment":"scroll","background-type":"","background-media":"","overlay-type":"","overlay-color":"","overlay-opacity":"","overlay-gradient":""},"tablet":{"background-color":"var(--ast-global-color-5)","background-image":"","background-repeat":"repeat","background-position":"center center","background-size":"auto","background-attachment":"scroll","background-type":"","background-media":"","overlay-type":"","overlay-color":"","overlay-opacity":"","overlay-gradient":""},"mobile":{"background-color":"var(--ast-global-color-5)","background-image":"","background-repeat":"repeat","background-position":"center center","background-size":"auto","background-attachment":"scroll","background-type":"","background-media":"","overlay-type":"","overlay-color":"","overlay-opacity":"","overlay-gradient":""}},"footnotes":""},"class_list":["post-542","page","type-page","status-publish","hentry"],"_links":{"self":[{"href":"https:\/\/tarponlandlodge.com\/es\/wp-json\/wp\/v2\/pages\/542","targetHints":{"allow":["GET"]}}],"collection":[{"href":"https:\/\/tarponlandlodge.com\/es\/wp-json\/wp\/v2\/pages"}],"about":[{"href":"https:\/\/tarponlandlodge.com\/es\/wp-json\/wp\/v2\/types\/page"}],"author":[{"embeddable":true,"href":"https:\/\/tarponlandlodge.com\/es\/wp-json\/wp\/v2\/users\/1"}],"replies":[{"embeddable":true,"href":"https:\/\/tarponlandlodge.com\/es\/wp-json\/wp\/v2\/comments?post=542"}],"version-history":[{"count":69,"href":"https:\/\/tarponlandlodge.com\/es\/wp-json\/wp\/v2\/pages\/542\/revisions"}],"predecessor-version":[{"id":966,"href":"https:\/\/tarponlandlodge.com\/es\/wp-json\/wp\/v2\/pages\/542\/revisions\/966"}],"wp:attachment":[{"href":"https:\/\/tarponlandlodge.com\/es\/wp-json\/wp\/v2\/media?parent=542"}],"curies":[{"name":"wp","href":"https:\/\/api.w.org\/{rel}","templated":true}]}}