{"id":581,"date":"2023-09-01T21:04:28","date_gmt":"2023-09-02T03:04:28","guid":{"rendered":"https:\/\/tarponlandlodge.com\/?page_id=581"},"modified":"2023-10-04T07:33:33","modified_gmt":"2023-10-04T13:33:33","slug":"eco-tours","status":"publish","type":"page","link":"https:\/\/tarponlandlodge.com\/es\/eco-tours\/","title":{"rendered":"ECO-Tours"},"content":{"rendered":"\t\t<div data-elementor-type=\"wp-page\" data-elementor-id=\"581\" class=\"elementor elementor-581\">\n\t\t\t\t\t\t<section class=\"elementor-section elementor-top-section elementor-element elementor-element-5ad081a7 elementor-section-boxed elementor-section-height-default elementor-section-height-default\" data-id=\"5ad081a7\" data-element_type=\"section\" data-settings=\"{&quot;background_background&quot;:&quot;classic&quot;}\">\n\t\t\t\t\t\t\t<div class=\"elementor-background-overlay\"><\/div>\n\t\t\t\t\t\t\t<div class=\"elementor-container elementor-column-gap-default\">\n\t\t\t\t\t<div class=\"elementor-column elementor-col-100 elementor-top-column elementor-element elementor-element-10da8a27\" data-id=\"10da8a27\" data-element_type=\"column\">\n\t\t\t<div class=\"elementor-widget-wrap elementor-element-populated\">\n\t\t\t\t\t\t\t<\/div>\n\t\t<\/div>\n\t\t\t\t\t<\/div>\n\t\t<\/section>\n\t\t\t\t<section class=\"elementor-section elementor-top-section elementor-element elementor-element-2ee40c4 elementor-section-boxed elementor-section-height-default elementor-section-height-default\" data-id=\"2ee40c4\" data-element_type=\"section\">\n\t\t\t\t\t\t<div class=\"elementor-container elementor-column-gap-default\">\n\t\t\t\t\t<div class=\"elementor-column elementor-col-100 elementor-top-column elementor-element elementor-element-d4ee5ea\" data-id=\"d4ee5ea\" data-element_type=\"column\">\n\t\t\t<div class=\"elementor-widget-wrap elementor-element-populated\">\n\t\t\t\t\t\t<div class=\"elementor-element elementor-element-ccb4d0e elementor-widget elementor-widget-heading\" data-id=\"ccb4d0e\" data-element_type=\"widget\" data-widget_type=\"heading.default\">\n\t\t\t\t<div class=\"elementor-widget-container\">\n\t\t\t\t\t<h2 class=\"elementor-heading-title elementor-size-default\">Bienvenidos a  un viaje lleno de aventuras y descubrimientos en el coraz\u00f3n de la selva Costarricense <\/h2>\t\t\t\t<\/div>\n\t\t\t\t<\/div>\n\t\t\t\t<div class=\"elementor-element elementor-element-ba94e48 elementor-widget elementor-widget-text-editor\" data-id=\"ba94e48\" data-element_type=\"widget\" data-widget_type=\"text-editor.default\">\n\t\t\t\t<div class=\"elementor-widget-container\">\n\t\t\t\t\t\t\t\t\t<p class=\"selectable-text\"><span class=\"selectable-text1\">Nuestro itinerario eco-tur\u00edstico te invita a sumergirte en la belleza de Barra del Colorado, un para\u00edso natural donde la naturaleza exuberante se convierte en tu compa\u00f1era de viaje.<\/span><\/p><p class=\"selectable-text\"><span class=\"selectable-text1\">Imagina despertar en el eco-refugio de Tarpon Land Lodge, rodeado por la selva tropical que alberga una inigualable biodiversidad. Desde el momento en que llegas, te sumergir\u00e1s en un mundo de experiencias \u00fanicas, explorando la vida silvestre, caminando por senderos que te llevan a playas v\u00edrgenes y lagunas misteriosas, y navegando por los canales en busca de manat\u00edes y aves ex\u00f3ticas.<\/span><\/p>\t\t\t\t\t\t\t\t<\/div>\n\t\t\t\t<\/div>\n\t\t\t\t\t<\/div>\n\t\t<\/div>\n\t\t\t\t\t<\/div>\n\t\t<\/section>\n\t\t\t\t<section class=\"elementor-section elementor-top-section elementor-element elementor-element-30232c1c elementor-section-boxed elementor-section-height-default elementor-section-height-default\" data-id=\"30232c1c\" data-element_type=\"section\">\n\t\t\t\t\t\t<div class=\"elementor-container elementor-column-gap-default\">\n\t\t\t\t\t<div class=\"elementor-column elementor-col-50 elementor-top-column elementor-element elementor-element-64158813\" data-id=\"64158813\" data-element_type=\"column\">\n\t\t\t<div class=\"elementor-widget-wrap elementor-element-populated\">\n\t\t\t\t\t\t<div class=\"elementor-element elementor-element-a89f8d9 elementor-widget elementor-widget-heading\" data-id=\"a89f8d9\" data-element_type=\"widget\" data-widget_type=\"heading.default\">\n\t\t\t\t<div class=\"elementor-widget-container\">\n\t\t\t\t\t<h2 class=\"elementor-heading-title elementor-size-default\">Itinerario Eco-Tur\u00edstico en Tarpon Land Lodge<\/h2>\t\t\t\t<\/div>\n\t\t\t\t<\/div>\n\t\t\t\t<div class=\"elementor-element elementor-element-276a463 elementor-widget elementor-widget-heading\" data-id=\"276a463\" data-element_type=\"widget\" data-widget_type=\"heading.default\">\n\t\t\t\t<div class=\"elementor-widget-container\">\n\t\t\t\t\t<h2 class=\"elementor-heading-title elementor-size-default\"><p><span>4 Noches de Hospedaje,\n3 d\u00edas de actividades variadas<\/span><span style=\"color: var(--ast-global-color-2);font-style: inherit;background-color: var(--ast-global-color-4)\"><\/span><\/p><\/h2>\t\t\t\t<\/div>\n\t\t\t\t<\/div>\n\t\t\t\t<div class=\"elementor-element elementor-element-42c73e1 elementor-widget elementor-widget-text-editor\" data-id=\"42c73e1\" data-element_type=\"widget\" data-widget_type=\"text-editor.default\">\n\t\t\t\t<div class=\"elementor-widget-container\">\n\t\t\t\t\t\t\t\t\t<p class=\"selectable-text\"><span class=\"selectable-text1\"><b>D\u00eda 1: Bienvenida a la Selva<\/b><\/span><b><\/b><\/p><p class=\"selectable-text\"><span class=\"selectable-text1\">&#8211; Llegada al Aeropuerto Juan Santamar\u00eda en San Jos\u00e9, Costa Rica.<\/span><\/p><p class=\"selectable-text\"><span class=\"selectable-text1\">&#8211; Traslado privado al Tarpon Land Lodge.<\/span><\/p><p class=\"selectable-text\"><span class=\"selectable-text1\">&#8211; Registro y bienvenida en el lodge.<\/span><\/p><p class=\"selectable-text\"><span class=\"selectable-text1\">&#8211; Tiempo libre para relajarte en la piscina o explorar los alrededores del lodge.<\/span><\/p><p class=\"selectable-text\"><span class=\"selectable-text1\"><b>D\u00eda 2: Avistamiento de Aves<\/b><\/span><b><\/b><\/p><p class=\"selectable-text\"><span class=\"selectable-text1\">&#8211; 3:30 AM: Caf\u00e9 y frutas para disfrutar antes del desayuno.<\/span><\/p><p class=\"selectable-text\"><span class=\"selectable-text1\">&#8211; 4:00 AM: Salida para el emocionante avistamiento de aves.<\/span><\/p><p class=\"selectable-text\"><span class=\"selectable-text1\">&#8211; Regreso al lodge a las 10:00 AM.<\/span><\/p><p class=\"selectable-text\"><span class=\"selectable-text1\">&#8211; Almuerzo a las 12:00 PM en Tarpon Land Lodge.<\/span><\/p><p class=\"selectable-text\"><span class=\"selectable-text1\">&#8211; La actividad de avistamientos de aves prosigue de 3:00 PM a 6:00 PM.<\/span><\/p><p class=\"selectable-text\"><span class=\"selectable-text1\">&#8211; Cena a las 7:30 PM.<\/span><\/p>\t\t\t\t\t\t\t\t<\/div>\n\t\t\t\t<\/div>\n\t\t\t\t\t<\/div>\n\t\t<\/div>\n\t\t\t\t<div class=\"elementor-column elementor-col-50 elementor-top-column elementor-element elementor-element-40c91239\" data-id=\"40c91239\" data-element_type=\"column\">\n\t\t\t<div class=\"elementor-widget-wrap elementor-element-populated\">\n\t\t\t\t\t\t<div class=\"elementor-element elementor-element-302a764 elementor-arrows-position-inside elementor-pagination-position-outside elementor-widget elementor-widget-image-carousel\" data-id=\"302a764\" data-element_type=\"widget\" data-settings=\"{&quot;navigation&quot;:&quot;both&quot;,&quot;autoplay&quot;:&quot;yes&quot;,&quot;pause_on_hover&quot;:&quot;yes&quot;,&quot;pause_on_interaction&quot;:&quot;yes&quot;,&quot;autoplay_speed&quot;:5000,&quot;infinite&quot;:&quot;yes&quot;,&quot;speed&quot;:500}\" data-widget_type=\"image-carousel.default\">\n\t\t\t\t<div class=\"elementor-widget-container\">\n\t\t\t\t\t\t\t<div class=\"elementor-image-carousel-wrapper swiper\" role=\"region\" aria-roledescription=\"carousel\" aria-label=\"Carrusel de im\u00e1genes\" dir=\"ltr\">\n\t\t\t<div class=\"elementor-image-carousel swiper-wrapper\" aria-live=\"off\">\n\t\t\t\t\t\t\t\t<div class=\"swiper-slide\" role=\"group\" aria-roledescription=\"slide\" aria-label=\"1 de 3\"><figure class=\"swiper-slide-inner\"><img decoding=\"async\" class=\"swiper-slide-image\" src=\"https:\/\/tarponlandlodge.com\/wp-content\/uploads\/2023\/10\/MG_6859-scaled.jpg\" alt=\"_MG_6859\" \/><\/figure><\/div><div class=\"swiper-slide\" role=\"group\" aria-roledescription=\"slide\" aria-label=\"2 de 3\"><figure class=\"swiper-slide-inner\"><img decoding=\"async\" class=\"swiper-slide-image\" src=\"https:\/\/tarponlandlodge.com\/wp-content\/uploads\/2023\/10\/20211202_135706-scaled.jpg\" alt=\"20211202_135706\" \/><\/figure><\/div><div class=\"swiper-slide\" role=\"group\" aria-roledescription=\"slide\" aria-label=\"3 de 3\"><figure class=\"swiper-slide-inner\"><img decoding=\"async\" class=\"swiper-slide-image\" src=\"https:\/\/tarponlandlodge.com\/wp-content\/uploads\/2023\/10\/20211102_141952-scaled.jpg\" alt=\"20211102_141952\" \/><\/figure><\/div>\t\t\t<\/div>\n\t\t\t\t\t\t\t\t\t\t\t\t<div class=\"elementor-swiper-button elementor-swiper-button-prev\" role=\"button\" tabindex=\"0\">\n\t\t\t\t\t\t<i aria-hidden=\"true\" class=\"eicon-chevron-left\"><\/i>\t\t\t\t\t<\/div>\n\t\t\t\t\t<div class=\"elementor-swiper-button elementor-swiper-button-next\" role=\"button\" tabindex=\"0\">\n\t\t\t\t\t\t<i aria-hidden=\"true\" class=\"eicon-chevron-right\"><\/i>\t\t\t\t\t<\/div>\n\t\t\t\t\n\t\t\t\t\t\t\t\t\t<div class=\"swiper-pagination\"><\/div>\n\t\t\t\t\t\t\t\t\t<\/div>\n\t\t\t\t\t\t<\/div>\n\t\t\t\t<\/div>\n\t\t\t\t<div class=\"elementor-element elementor-element-b82b277 elementor-widget__width-initial elementor-widget elementor-widget-text-editor\" data-id=\"b82b277\" data-element_type=\"widget\" data-widget_type=\"text-editor.default\">\n\t\t\t\t<div class=\"elementor-widget-container\">\n\t\t\t\t\t\t\t\t\t<p class=\"selectable-text\"><span class=\"selectable-text1\"><b>D\u00eda 3: Avistamiento de Manat\u00edes<\/b><\/span><b><\/b><\/p>\n<p class=\"selectable-text\"><span class=\"selectable-text1\">&#8211; 3:30 AM: Caf\u00e9 y frutas para disfrutar antes del desayuno.<\/span><\/p>\n<p class=\"selectable-text\"><span class=\"selectable-text1\">&#8211; 4:00 AM: Salida para el emocionante avistamiento de manat\u00edes.<\/span><\/p>\n<p class=\"selectable-text\"><span class=\"selectable-text1\">&#8211; Regreso al lodge a las 10:00 AM.<\/span><\/p>\n<p class=\"selectable-text\"><span class=\"selectable-text1\">&#8211; Almuerzo a las 12:00 PM en Tarpon Lodge.<\/span><\/p>\n<p class=\"selectable-text\"><span class=\"selectable-text1\">&#8211; La actividad de avistamientos de Manat\u00edes prosigue de 3:00 PM a 6:00 PM.<\/span><\/p>\n<p class=\"selectable-text\"><span class=\"selectable-text1\">&#8211; Cena a las 7:30 PM.<\/span><\/p>\n<p class=\"selectable-text\"><span class=\"selectable-text1\"><b>D\u00eda 4: Caminatas en Senderos de Jungla, espacio privado en la playa y laguna<\/b><\/span><b><\/b><\/p>\n<p class=\"selectable-text\"><span class=\"selectable-text1\">&#8211; 5:30 Am: Caf\u00e9, frutas y desayuno para estar preparados para un d\u00eda emocionante en las diferentes actividades.&nbsp;<\/span><\/p><p class=\"selectable-text\"><span class=\"selectable-text1\">-6:00 AM: Salida para una emocionante caminata en senderos de jungla.<\/span><\/p>\n<p class=\"selectable-text\"><span class=\"selectable-text1\">&#8211; Visita a la finca con playa y laguna.<\/span><\/p>\n<p class=\"selectable-text\"><span class=\"selectable-text1\">&#8211; Almuerzo en la finca Tarpon Land Lodge a las 12:00 PM.<\/span><\/p>\n<p class=\"selectable-text\"><span class=\"selectable-text1\">&#8211; Continuaci\u00f3n de las actividades.<\/span><\/p>\n<p class=\"selectable-text\"><span class=\"selectable-text1\">&#8211; Regreso al lodge a las 6:00 PM.<\/span><\/p>\n<p class=\"selectable-text\"><span class=\"selectable-text1\">&#8211; Cena a las 7:30 PM.<\/span><\/p>\n<p class=\"selectable-text\"><span class=\"selectable-text1\"><b>D\u00eda 5: Despedida de la Jungla<\/b><\/span><b><\/b><\/p>\n<p class=\"selectable-text\"><span class=\"selectable-text1\">\u2022 Desayuno en Tarpon Lodge.<\/span><\/p>\n<p class=\"selectable-text\"><span class=\"selectable-text1\">\u2022 Traslado de regreso al Aeropuerto Juan Santamar\u00eda o a tu hotel en San Jos\u00e9.<\/span><\/p>\t\t\t\t\t\t\t\t<\/div>\n\t\t\t\t<\/div>\n\t\t\t\t\t<\/div>\n\t\t<\/div>\n\t\t\t\t\t<\/div>\n\t\t<\/section>\n\t\t\t\t<section class=\"elementor-section elementor-top-section elementor-element elementor-element-bf855ca elementor-section-boxed elementor-section-height-default elementor-section-height-default\" data-id=\"bf855ca\" data-element_type=\"section\">\n\t\t\t\t\t\t<div class=\"elementor-container elementor-column-gap-default\">\n\t\t\t\t\t<div class=\"elementor-column elementor-col-100 elementor-top-column elementor-element elementor-element-0597ebf\" data-id=\"0597ebf\" data-element_type=\"column\">\n\t\t\t<div class=\"elementor-widget-wrap elementor-element-populated\">\n\t\t\t\t\t\t<div class=\"elementor-element elementor-element-690f513 elementor-arrows-position-inside elementor-pagination-position-outside elementor-widget elementor-widget-image-carousel\" data-id=\"690f513\" data-element_type=\"widget\" data-settings=\"{&quot;navigation&quot;:&quot;both&quot;,&quot;autoplay&quot;:&quot;yes&quot;,&quot;pause_on_hover&quot;:&quot;yes&quot;,&quot;pause_on_interaction&quot;:&quot;yes&quot;,&quot;autoplay_speed&quot;:5000,&quot;infinite&quot;:&quot;yes&quot;,&quot;speed&quot;:500}\" data-widget_type=\"image-carousel.default\">\n\t\t\t\t<div class=\"elementor-widget-container\">\n\t\t\t\t\t\t\t<div class=\"elementor-image-carousel-wrapper swiper\" role=\"region\" aria-roledescription=\"carousel\" aria-label=\"Carrusel de im\u00e1genes\" dir=\"ltr\">\n\t\t\t<div class=\"elementor-image-carousel swiper-wrapper\" aria-live=\"off\">\n\t\t\t\t\t\t\t\t<div class=\"swiper-slide\" role=\"group\" aria-roledescription=\"slide\" aria-label=\"1 de 4\"><figure class=\"swiper-slide-inner\"><img decoding=\"async\" class=\"swiper-slide-image\" src=\"https:\/\/tarponlandlodge.com\/wp-content\/uploads\/2023\/10\/MG_5008-1024x683.jpg\" alt=\"_MG_5008\" \/><\/figure><\/div><div class=\"swiper-slide\" role=\"group\" aria-roledescription=\"slide\" aria-label=\"2 de 4\"><figure class=\"swiper-slide-inner\"><img decoding=\"async\" class=\"swiper-slide-image\" src=\"https:\/\/tarponlandlodge.com\/wp-content\/uploads\/2023\/10\/MG_5043-1024x683.jpg\" alt=\"_MG_5043\" \/><\/figure><\/div><div class=\"swiper-slide\" role=\"group\" aria-roledescription=\"slide\" aria-label=\"3 de 4\"><figure class=\"swiper-slide-inner\"><img decoding=\"async\" class=\"swiper-slide-image\" src=\"https:\/\/tarponlandlodge.com\/wp-content\/uploads\/2023\/10\/MG_6987-1-1024x683.jpg\" alt=\"_MG_6987\" \/><\/figure><\/div><div class=\"swiper-slide\" role=\"group\" aria-roledescription=\"slide\" aria-label=\"4 de 4\"><figure class=\"swiper-slide-inner\"><img decoding=\"async\" class=\"swiper-slide-image\" src=\"https:\/\/tarponlandlodge.com\/wp-content\/uploads\/2023\/09\/MG_3662-1-1024x683.jpg\" alt=\"_MG_3662\" \/><\/figure><\/div>\t\t\t<\/div>\n\t\t\t\t\t\t\t\t\t\t\t\t<div class=\"elementor-swiper-button elementor-swiper-button-prev\" role=\"button\" tabindex=\"0\">\n\t\t\t\t\t\t<i aria-hidden=\"true\" class=\"eicon-chevron-left\"><\/i>\t\t\t\t\t<\/div>\n\t\t\t\t\t<div class=\"elementor-swiper-button elementor-swiper-button-next\" role=\"button\" tabindex=\"0\">\n\t\t\t\t\t\t<i aria-hidden=\"true\" class=\"eicon-chevron-right\"><\/i>\t\t\t\t\t<\/div>\n\t\t\t\t\n\t\t\t\t\t\t\t\t\t<div class=\"swiper-pagination\"><\/div>\n\t\t\t\t\t\t\t\t\t<\/div>\n\t\t\t\t\t\t<\/div>\n\t\t\t\t<\/div>\n\t\t\t\t\t<\/div>\n\t\t<\/div>\n\t\t\t\t\t<\/div>\n\t\t<\/section>\n\t\t\t\t<section class=\"elementor-section elementor-top-section elementor-element elementor-element-60f72a8 elementor-section-boxed elementor-section-height-default elementor-section-height-default\" data-id=\"60f72a8\" data-element_type=\"section\">\n\t\t\t\t\t\t<div class=\"elementor-container elementor-column-gap-default\">\n\t\t\t\t\t<div class=\"elementor-column elementor-col-100 elementor-top-column elementor-element elementor-element-abdc4dd\" data-id=\"abdc4dd\" data-element_type=\"column\">\n\t\t\t<div class=\"elementor-widget-wrap elementor-element-populated\">\n\t\t\t\t\t\t<div class=\"elementor-element elementor-element-c394f72 elementor-align-center elementor-widget elementor-widget-button\" data-id=\"c394f72\" data-element_type=\"widget\" data-widget_type=\"button.default\">\n\t\t\t\t<div class=\"elementor-widget-container\">\n\t\t\t\t\t\t\t\t\t<div class=\"elementor-button-wrapper\">\n\t\t\t\t\t<a class=\"elementor-button elementor-button-link elementor-size-sm\" href=\"https:\/\/tarponlandlodge.com\/contacto\/\">\n\t\t\t\t\t\t<span class=\"elementor-button-content-wrapper\">\n\t\t\t\t\t\t\t\t\t<span class=\"elementor-button-text\">Cont\u00e1ctanos<\/span>\n\t\t\t\t\t<\/span>\n\t\t\t\t\t<\/a>\n\t\t\t\t<\/div>\n\t\t\t\t\t\t\t\t<\/div>\n\t\t\t\t<\/div>\n\t\t\t\t<div class=\"elementor-element elementor-element-fcfeca4 elementor-widget elementor-widget-text-editor\" data-id=\"fcfeca4\" data-element_type=\"widget\" data-widget_type=\"text-editor.default\">\n\t\t\t\t<div class=\"elementor-widget-container\">\n\t\t\t\t\t\t\t\t\t<p class=\"selectable-text\"><span class=\"selectable-text1\">Nuestro itinerario eco-tur\u00edstico te brinda una oportunidad inigualable para conectarte con la naturaleza en un entorno excepcional. Explora la selva tropical, los r\u00edos, los manglares y disfruta de la abundante vida silvestre de Costa Rica mientras te sumerges en esta aventura ecol\u00f3gica \u00fanica en Tarpon Land Lodge.<\/span><\/p><p class=\"selectable-text\"><strong><span class=\"selectable-text1\">Nuestro itinerario eco-tur\u00edstico se adapta a tus preferencias de horario para brindarte la mejor experiencia en la naturaleza de Costa Rica en Tarpon Land Lodge.<\/span><\/strong><\/p><p class=\"selectable-text\"><span class=\"selectable-text1\">Cada d\u00eda se convierte en una oportunidad para descubrir la naturaleza en su m\u00e1xima expresi\u00f3n, y cada noche, el confort de nuestro lodge te espera con cenas bajo las estrellas.<\/span><\/p><p class=\"selectable-text\"><strong><span class=\"selectable-text1\">Si deseas un viaje que despierte tus sentidos y te conecte con la esencia de la selva tropical, Barra del Colorado es tu destino. \u00danete a nosotros en Tarpon Land Lodge y permite que la aventura comience. \u00a1Te esperamos en el para\u00edso costarricense!<\/span><\/strong><\/p>\t\t\t\t\t\t\t\t<\/div>\n\t\t\t\t<\/div>\n\t\t\t\t\t<\/div>\n\t\t<\/div>\n\t\t\t\t\t<\/div>\n\t\t<\/section>\n\t\t\t\t<section class=\"elementor-section elementor-top-section elementor-element elementor-element-f0f3113 elementor-section-boxed elementor-section-height-default elementor-section-height-default\" data-id=\"f0f3113\" data-element_type=\"section\">\n\t\t\t\t\t\t<div class=\"elementor-container elementor-column-gap-default\">\n\t\t\t\t\t<div class=\"elementor-column elementor-col-100 elementor-top-column elementor-element elementor-element-36060a9\" data-id=\"36060a9\" data-element_type=\"column\">\n\t\t\t<div class=\"elementor-widget-wrap\">\n\t\t\t\t\t\t\t<\/div>\n\t\t<\/div>\n\t\t\t\t\t<\/div>\n\t\t<\/section>\n\t\t\t\t<\/div>\n\t\t","protected":false},"excerpt":{"rendered":"<p>Bienvenidos a un viaje lleno de aventuras y descubrimientos en el coraz\u00f3n de la selva Costarricense Nuestro itinerario eco-tur\u00edstico te invita a sumergirte en la belleza de Barra del Colorado, un para\u00edso natural donde la naturaleza exuberante se convierte en tu compa\u00f1era de viaje. Imagina despertar en el eco-refugio de Tarpon Land Lodge, rodeado por [&hellip;]<\/p>\n","protected":false},"author":1,"featured_media":0,"parent":0,"menu_order":0,"comment_status":"closed","ping_status":"closed","template":"","meta":{"site-sidebar-layout":"no-sidebar","site-content-layout":"page-builder","ast-site-content-layout":"default","site-content-style":"default","site-sidebar-style":"default","ast-global-header-display":"","ast-banner-title-visibility":"","ast-main-header-display":"","ast-hfb-above-header-display":"","ast-hfb-below-header-display":"","ast-hfb-mobile-header-display":"","site-post-title":"disabled","ast-breadcrumbs-content":"","ast-featured-img":"disabled","footer-sml-layout":"","theme-transparent-header-meta":"","adv-header-id-meta":"","stick-header-meta":"","header-above-stick-meta":"","header-main-stick-meta":"","header-below-stick-meta":"","astra-migrate-meta-layouts":"default","ast-page-background-enabled":"default","ast-page-background-meta":{"desktop":{"background-color":"","background-image":"","background-repeat":"repeat","background-position":"center center","background-size":"auto","background-attachment":"scroll","background-type":"","background-media":"","overlay-type":"","overlay-color":"","overlay-opacity":"","overlay-gradient":""},"tablet":{"background-color":"","background-image":"","background-repeat":"repeat","background-position":"center center","background-size":"auto","background-attachment":"scroll","background-type":"","background-media":"","overlay-type":"","overlay-color":"","overlay-opacity":"","overlay-gradient":""},"mobile":{"background-color":"","background-image":"","background-repeat":"repeat","background-position":"center center","background-size":"auto","background-attachment":"scroll","background-type":"","background-media":"","overlay-type":"","overlay-color":"","overlay-opacity":"","overlay-gradient":""}},"ast-content-background-meta":{"desktop":{"background-color":"var(--ast-global-color-5)","background-image":"","background-repeat":"repeat","background-position":"center center","background-size":"auto","background-attachment":"scroll","background-type":"","background-media":"","overlay-type":"","overlay-color":"","overlay-opacity":"","overlay-gradient":""},"tablet":{"background-color":"var(--ast-global-color-5)","background-image":"","background-repeat":"repeat","background-position":"center center","background-size":"auto","background-attachment":"scroll","background-type":"","background-media":"","overlay-type":"","overlay-color":"","overlay-opacity":"","overlay-gradient":""},"mobile":{"background-color":"var(--ast-global-color-5)","background-image":"","background-repeat":"repeat","background-position":"center center","background-size":"auto","background-attachment":"scroll","background-type":"","background-media":"","overlay-type":"","overlay-color":"","overlay-opacity":"","overlay-gradient":""}},"footnotes":""},"class_list":["post-581","page","type-page","status-publish","hentry"],"_links":{"self":[{"href":"https:\/\/tarponlandlodge.com\/es\/wp-json\/wp\/v2\/pages\/581","targetHints":{"allow":["GET"]}}],"collection":[{"href":"https:\/\/tarponlandlodge.com\/es\/wp-json\/wp\/v2\/pages"}],"about":[{"href":"https:\/\/tarponlandlodge.com\/es\/wp-json\/wp\/v2\/types\/page"}],"author":[{"embeddable":true,"href":"https:\/\/tarponlandlodge.com\/es\/wp-json\/wp\/v2\/users\/1"}],"replies":[{"embeddable":true,"href":"https:\/\/tarponlandlodge.com\/es\/wp-json\/wp\/v2\/comments?post=581"}],"version-history":[{"count":32,"href":"https:\/\/tarponlandlodge.com\/es\/wp-json\/wp\/v2\/pages\/581\/revisions"}],"predecessor-version":[{"id":980,"href":"https:\/\/tarponlandlodge.com\/es\/wp-json\/wp\/v2\/pages\/581\/revisions\/980"}],"wp:attachment":[{"href":"https:\/\/tarponlandlodge.com\/es\/wp-json\/wp\/v2\/media?parent=581"}],"curies":[{"name":"wp","href":"https:\/\/api.w.org\/{rel}","templated":true}]}}